{"id":5,"date":"2020-09-08T14:27:27","date_gmt":"2020-09-08T14:27:27","guid":{"rendered":"https:\/\/www.swaytheme.com\/lawyer\/?page_id=5"},"modified":"2024-04-05T22:33:32","modified_gmt":"2024-04-05T20:33:32","slug":"dr-bajusz-bertalan-ugyved-2","status":"publish","type":"page","link":"https:\/\/drbajuszbertalan.hu\/eng\/","title":{"rendered":"Introduction"},"content":{"rendered":"<div class=\"wpb-content-wrapper\"><p>[vc_row full_width=&#8221;stretch_row&#8221; kd_background_image_position=&#8221;vc_row-bg-position-center&#8221; kd_fixed_background=&#8221;true&#8221; css=&#8221;.vc_custom_1710552672871{padding-top: 100px !important;padding-bottom: 100px !important;background-image: url(https:\/\/drbajuszbertalan.hu\/wp-content\/uploads\/2024\/03\/cristina-gottardi-unsplash-scaled.jpeg?id=9591) !important;}&#8221; css_tablet_portrait=&#8221;.vc_custom_1710552672873{padding-top: 100px !important;padding-bottom: 150px !important;}&#8221; css_mobile=&#8221;.vc_custom_1710552672873{padding-top: 100px !important;padding-bottom: 150px !important;}&#8221;][vc_column css=&#8221;.vc_custom_1516115464846{padding-left: 0px !important;}&#8221;][vc_row_inner kd_background_image_position=&#8221;vc_row-bg-position-top&#8221; css=&#8221;.vc_custom_1710552568602{padding-top: 100px !important;}&#8221; css_mobile=&#8221;.vc_custom_1710552568607{padding-top: 20px !important;}&#8221;][vc_column_inner]<header class=\"kd-section-title col-lg-12 text-left  subtitle-below-title kd-animated fadeIn   vc_custom_1710702258627\" data-animation-delay=200><h1 class=\"separator_off\" style=\"color: #ffffff;font-size: 60px;line-height: 50px;margin-bottom:30px;\">dr. Bertalan Bajusz attorney-at-law<\/h1><h6 class=\"subtitle\" style=\"color: #ffffff;font-size:25px;\">Practical, effective, and personalised legal solutions<\/h6><\/header><a  href=\"https:\/\/drbajuszbertalan.hu\/eng\/kapcsolat\/\"  target=\"_self\"  title=\"\u00d6r\u00f6kl\u00e9si jog\"  class=\"tt_button tt_primary_button btn_primary_color hover_solid_white btn-align-left button-action-link   vc_custom_1710552927461 kd-animated zoomIn\" data-animation-delay=200><span class=\"prim_text\">Contact<\/span><\/a><a  href=\"https:\/\/drbajuszbertalan.hu\/eng\/szakteruletek\/\"  target=\"_self\"  title=\"Szakter\u00fcletek\"  class=\"tt_button tt_secondary_button btn_primary_color hover_solid_primary btn-align-left button-action-link   kd-animated zoomIn intro-button\" data-animation-delay=200><span class=\"prim_text\">Areas of expertise<\/span><\/a>[\/vc_column_inner][\/vc_row_inner][\/vc_column][\/vc_row][vc_row kd_background_image_position=&#8221;vc_row-bg-position-top&#8221; css=&#8221;.vc_custom_1710536987773{margin-bottom: 0px !important;padding-top: 40px !important;padding-bottom: 60px !important;}&#8221;][vc_column css=&#8221;.vc_custom_1605267224553{margin-top: -142px !important;}&#8221; css_tablet_landscape=&#8221;.vc_custom_1605267224554{margin-top: 100px !important;}&#8221; css_tablet_portrait=&#8221;.vc_custom_1605267224554{margin-top: 100px !important;}&#8221; css_mobile=&#8221;.vc_custom_1605267224555{margin-top: 100px !important;}&#8221;][\/vc_column][\/vc_row][vc_row kd_background_image_position=&#8221;vc_row-bg-position-top&#8221; css=&#8221;.vc_custom_1710536927377{padding-top: 10px !important;padding-bottom: 100px !important;}&#8221;][vc_column][vc_row_inner kd_background_image_position=&#8221;vc_row-bg-position-top&#8221;][vc_column_inner width=&#8221;1\/3&#8243;][vc_single_image image=&#8221;9592&#8243; img_size=&#8221;large&#8221;]<div class=\"kd-shapes shape_dots with-parallax \" style=\"top: -100;\" data-parallax-speed=\"-0.15\" ><\/div>[\/vc_column_inner][vc_column_inner width=&#8221;2\/3&#8243;]<header class=\"kd-section-title col-lg-12 text-left  subtitle-below-title kd-animated fadeIn   vc_custom_1710557287407\" data-animation-delay=200><h2 class=\"separator_off\" style=\"color: #d0a37c;font-size: 28px;margin-bottom:30px;\">Don't hesitate to contact me<\/h2><\/header>[vc_column_text css=&#8221;.vc_custom_1710555899226{padding-bottom: 30px !important;}&#8221;]<\/p>\n<h6>I am Dr. Bertalan Bajusz, attorney-at-law, member of the Budapest Bar Association, with more than two decades of professional experience, mainly in civil and commercial law.<\/h6>\n<h6>I completed my law degree at the University of P\u00e9cs Faculty of Law, then I obtained a Master&#8217;s degree in Corporate Law at the ELTE Institute of Postgraduate Legal Studies.<\/h6>\n<h6>After graduating from law school, I served my legal apprenticeship as a trainee lawyer and court clerk, and after passing the bar exam I worked as a judge candidate. I learned the professional basics mainly through my work in court, acquiring comprehensive practical and theoretical knowledge from all court divisions and in all areas of law.<\/h6>\n<h6>I moved from the judiciary to the competitive sector, where I worked for several years as an in-house counsel for credit institutions and financial enterprises.<\/h6>\n<h6>I have been an attorney since 2017, my office is located at Budapest I. district Hatty\u00fa utca 16. Depending on the nature of the case I practice law independently or in cooperation with other attorneys and domestic and international law firms. I provide legal services to both companies and individuals, covering a wide range of civil and commercial law (for more details, see the <a href=\"https:\/\/drbajuszbertalan.hu\/eng\/szakteruletek\/\">Areas of expertise<\/a> page). I work in English and Hungarian. On request, I am also available out of office and in the countryside.<\/h6>\n<p>[\/vc_column_text]<a  href=\"https:\/\/drbajuszbertalan.hu\/eng\/szakteruletek\/\"  target=\"_self\"  title=\"Szakter\u00fcletek\"  class=\"tt_button tt_primary_button btn_primary_color  btn-align-left button-action-link icon_right  kd-animated zoomIn\" data-animation-delay=200><span class=\"prim_text\">Areas of expertise<\/span><span class=\"fas fa-chevron-right iconita\" style=\"font-size:12px;\"><\/span><\/a>[\/vc_column_inner][\/vc_row_inner][\/vc_column][\/vc_row][vc_row full_width=&#8221;stretch_row&#8221; kd_background_image_position=&#8221;vc_row-bg-position-top&#8221; css_mobile=&#8221;.vc_custom_1710552322981{padding-top: 20px !important;}&#8221;][vc_column css=&#8221;.vc_custom_1710534490091{margin-top: -120px !important;}&#8221;][vc_row_inner kd_background_image_position=&#8221;vc_row-bg-position-top&#8221; css=&#8221;.vc_custom_1605267618075{padding-top: 120px !important;padding-bottom: 120px !important;}&#8221; css_tablet_portrait=&#8221;.vc_custom_1605267618076{padding-top: 100px !important;padding-bottom: 100px !important;}&#8221; css_mobile=&#8221;.vc_custom_1605267618076{padding-top: 100px !important;padding-bottom: 100px !important;}&#8221; css_tablet_landscape=&#8221;.vc_custom_1605267618075{padding-top: 100px !important;padding-bottom: 100px !important;}&#8221;][vc_column_inner css=&#8221;.vc_custom_1605267514755{padding-top: 40px !important;padding-right: 30px !important;padding-left: 0px !important;}&#8221; offset=&#8221;vc_col-lg-offset-0 vc_col-lg-6 vc_col-md-offset-0 vc_col-md-12 vc_col-sm-offset-0 vc_col-xs-12&#8243; css_tablet_portrait=&#8221;.vc_custom_1605267514756{padding-top: 0px !important;padding-right: 0px !important;padding-bottom: 0px !important;padding-left: 0px !important;}&#8221; css_mobile=&#8221;.vc_custom_1605267514757{padding-top: 0px !important;padding-right: 0px !important;padding-bottom: 50px !important;padding-left: 0px !important;}&#8221; css_tablet_landscape=&#8221;.vc_custom_1605267514755{padding-bottom: 0px !important;}&#8221;]<header class=\"kd-section-title col-lg-12 text-left  subtitle-below-title kd-animated fadeIn   vc_custom_1710556003779\" data-animation-delay=200><h2 class=\"separator_off\" style=\"font-size: 28px;margin-bottom:30px;\">My main principles and values<\/h2><\/header><div class=\"key-icon-box icon-default icon-left cont-left ib-no-effect     icon-no-background icon-no-border kd-animated fadeIn\" style=\"background-color: transparent;margin-bottom:30px;\" data-animation-delay=400><div class=\"ib-simple-icon-wrapper\" ><i class=\"iconsmind-Map-Marker2 iconsmind-Maps-Locations\" style=\"font-size: 22px;font-weight: 700;\"><\/i> <\/div><h6 class=\"service-heading\" >Client centricity<\/h6><p style=\"font-size: 18px;\">Developing legal solutions which are practice-oriented and, within the limits of the law, achieve the most optimal result for the client's interests and needs.<\/p><\/div><div class=\"key-icon-box icon-default icon-left cont-left ib-no-effect     icon-no-background icon-no-border kd-animated fadeIn\" style=\"background-color: transparent;margin-bottom:30px;\" data-animation-delay=400><div class=\"ib-simple-icon-wrapper\" ><i class=\"iconsmind-Repeat-2 iconsmind-Arrows\" style=\"font-size: 22px;font-weight: 700;\"><\/i> <\/div><h6 class=\"service-heading\" >Effective client communication<\/h6><p style=\"font-size: 18px;\">Clear, understandable and convincing communication, explaining complex legal issues in layman's terms.<\/p><\/div><div class=\"key-icon-box icon-default icon-left cont-left ib-no-effect     icon-no-background icon-no-border kd-animated fadeIn\" style=\"background-color: transparent;margin-bottom:30px;\" data-animation-delay=400><div class=\"ib-simple-icon-wrapper\" ><i class=\"iconsmind-Quill-2 iconsmind-Education\" style=\"font-size: 22px;font-weight: 700;\"><\/i> <\/div><h6 class=\"service-heading\" >Professional sophistication<\/h6><p style=\"font-size: 18px;\">Professional competence achieved through more than two decades of work, thorough preparation for each case, continuous updating and expansion of professional knowledge.<\/p><\/div><div class=\"key-icon-box icon-default icon-left cont-left ib-no-effect     icon-no-background icon-no-border kd-animated fadeIn\" style=\"background-color: transparent;margin-bottom:30px;\" data-animation-delay=400><div class=\"ib-simple-icon-wrapper\" ><i class=\"iconsmind-Handshake iconsmind-Business-Finance\" style=\"font-size: 22px;font-weight: 700;\"><\/i> <\/div><h6 class=\"service-heading\" >Problem-solving skills<\/h6><p style=\"font-size: 18px;\">Creative and logical thinking, finding effective solutions to complex legal situations.<\/p><\/div>[\/vc_column_inner][vc_column_inner offset=&#8221;vc_col-lg-6 vc_col-md-12 vc_hidden-md vc_col-xs-12&#8243; css=&#8221;.vc_custom_1605267645614{padding-right: 0px !important;padding-left: 35px !important;}&#8221; css_mobile=&#8221;.vc_custom_1605267645616{padding-left: 0px !important;}&#8221; css_tablet_portrait=&#8221;.vc_custom_1605267645615{padding-top: 50px !important;padding-left: 0px !important;}&#8221;][vc_single_image image=&#8221;9631&#8243; img_size=&#8221;large&#8221;][\/vc_column_inner][\/vc_row_inner][\/vc_column][\/vc_row][vc_row full_width=&#8221;stretch_row&#8221; content_placement=&#8221;middle&#8221; kd_background_image_position=&#8221;vc_row-bg-position-top&#8221; kd_background_overlay=&#8221;true&#8221; css=&#8221;.vc_custom_1710533498453{margin-bottom: -70px !important;background-color: #f7f4fb !important;}&#8221;][vc_column][vc_row_inner content_placement=&#8221;top&#8221; kd_background_image_position=&#8221;vc_row-bg-position-top&#8221; css=&#8221;.vc_custom_1710537117969{margin-top: -100px !important;padding-top: 0px !important;padding-bottom: 20px !important;}&#8221; css_tablet_portrait=&#8221;.vc_custom_1710537117971{padding-top: 100px !important;}&#8221; css_mobile=&#8221;.vc_custom_1710537117973{padding-top: 100px !important;}&#8221;][vc_column_inner css=&#8221;.vc_custom_1605267950051{padding-right: 0px !important;padding-left: 0px !important;}&#8221; offset=&#8221;vc_col-lg-offset-0 vc_col-lg-6 vc_col-md-offset-0 vc_col-md-12 vc_hidden-md vc_col-sm-offset-0 vc_col-xs-12&#8243; css_tablet_landscape=&#8221;.vc_custom_1605267950051{padding-right: 0px !important;padding-bottom: 80px !important;}&#8221; css_tablet_portrait=&#8221;.vc_custom_1605267950052{padding-right: 0px !important;padding-bottom: 80px !important;}&#8221; css_mobile=&#8221;.vc_custom_1605267950052{padding-right: 0px !important;padding-bottom: 50px !important;}&#8221;]<div class=\"photo-gallery-wrapper  slider-layout kd-photo-gallery-6a09c90d5d20f nav-arrows-dots\">\r\n              <div class=\"gallery-items\"><div class=\"pg-child-image\" ><a href=https:\/\/drbajuszbertalan.hu\/wp-content\/uploads\/2024\/03\/290015176_542696180835394_3929395645358213045_n.jpg data-size=\"842x842\"  ><img loading=\"lazy\" decoding=\"async\" width=\"842\" height=\"842\" src=\"https:\/\/drbajuszbertalan.hu\/wp-content\/uploads\/2024\/03\/290015176_542696180835394_3929395645358213045_n.jpg\" class=\"attachment-full\" alt=\"Hatty\u00fa utca 16\" title=\"budapest-hattyu-utca-16\" srcset=\"https:\/\/drbajuszbertalan.hu\/wp-content\/uploads\/2024\/03\/290015176_542696180835394_3929395645358213045_n.jpg 842w, https:\/\/drbajuszbertalan.hu\/wp-content\/uploads\/2024\/03\/290015176_542696180835394_3929395645358213045_n-300x300.jpg 300w, https:\/\/drbajuszbertalan.hu\/wp-content\/uploads\/2024\/03\/290015176_542696180835394_3929395645358213045_n-150x150.jpg 150w, https:\/\/drbajuszbertalan.hu\/wp-content\/uploads\/2024\/03\/290015176_542696180835394_3929395645358213045_n-768x768.jpg 768w, https:\/\/drbajuszbertalan.hu\/wp-content\/uploads\/2024\/03\/290015176_542696180835394_3929395645358213045_n-320x320.jpg 320w, https:\/\/drbajuszbertalan.hu\/wp-content\/uploads\/2024\/03\/290015176_542696180835394_3929395645358213045_n-800x800.jpg 800w\" sizes=\"auto, (max-width: 842px) 100vw, 842px\" \/><\/a><\/div><div class=\"pg-child-image\" ><a href=https:\/\/www.swaytheme.com\/wp-content\/uploads\/sites\/3\/2020\/10\/Lawyer8.jpg data-size=\"800x600\"  ><img loading=\"lazy\" decoding=\"async\" class=\"pg-img open-photoswipe\" src=\"https:\/\/www.swaytheme.com\/wp-content\/uploads\/sites\/3\/2020\/10\/Lawyer8.jpg\" alt=\"\" width=\"800\" height=\"600\"  \/><\/a><\/div><\/div>\r\n            <\/div><script>\r\n              jQuery(document).ready(function($){\r\n                if ($(\".kd-photo-gallery-6a09c90d5d20f .gallery-items\").length) {\r\n                  $(\".kd-photo-gallery-6a09c90d5d20f .gallery-items\").owlCarousel({\r\n                    stageClass: \"owl-wrapper\",\r\n                    stageOuterClass: \"owl-wrapper-outer\",\r\n                    loadedClass: \"owl-carousel\",\r\n                    items: 1,\r\n                    rewind: true,\r\n                    responsive:{\r\n                        0:{\r\n                            dots: false,\r\n                            nav: true,\r\n                            navSpeed: 500,\r\n                        },\r\n                        1366:{\nnav: true,\r\n                                navSpeed: 500,\r\n                                dots: true,\r\n                                dotsSpeed: 500,\r\n                                dotsEach: true,}\r\n                    },\nautoplay: false,\nautoplayHoverPause: false,\r\n                    addClassActive: true,\r\n                  });\r\n                }\r\n              });\r\n            <\/script>[\/vc_column_inner][vc_column_inner css=&#8221;.vc_custom_1710534342561{margin-top: 40px !important;margin-left: 40px !important;padding-top: 50px !important;padding-right: 0px !important;padding-left: 115px !important;}&#8221; offset=&#8221;vc_col-lg-6 vc_col-md-12 vc_col-xs-12&#8243; css_tablet_landscape=&#8221;.vc_custom_1710534342565{padding-top: 0px !important;padding-right: 30px !important;padding-left: 30px !important;}&#8221; css_tablet_portrait=&#8221;.vc_custom_1710534342566{padding-top: 0px !important;padding-right: 0px !important;padding-left: 0px !important;}&#8221; css_mobile=&#8221;.vc_custom_1710534342567{padding-top: 20px !important;padding-right: 0px !important;padding-left: 0px !important;}&#8221;]<header class=\"kd-section-title col-lg-12 text-left  subtitle-below-title kd-animated fadeIn   vc_custom_1710556204058\" data-animation-delay=200><h2 class=\"separator_off\" style=\"font-size: 28px;margin-bottom:30px;\">Areas of expertise<\/h2><\/header>[vc_column_text css=&#8221;.vc_custom_1710556534441{padding-bottom: 20px !important;}&#8221;]<\/p>\n<h6><a href=\"https:\/\/drbajuszbertalan.hu\/eng\/szakteruletek\/pereskedes-es-vitarendezes\/\"><strong>Litigation and dispute resolution<\/strong><\/a><\/h6>\n<h6><a href=\"https:\/\/drbajuszbertalan.hu\/eng\/szakteruletek\/koveteleskezeles-es-kovetelesbehajtas\/\"><strong>Debt collection and Workout<\/strong><\/a><\/h6>\n<h6><a href=\"https:\/\/drbajuszbertalan.hu\/eng\/szakteruletek\/cegjog-tarsasagi-jog-ma\/\"><strong>Company law, M&#038;A<\/strong><\/a><\/h6>\n<h6><a href=\"https:\/\/drbajuszbertalan.hu\/eng\/szakteruletek\/civil-szervezetek-joga\/\"><strong>Law of NGOs<\/strong><\/a><\/h6>\n<h6><a href=\"https:\/\/drbajuszbertalan.hu\/eng\/szakteruletek\/bankjog-es-finanszirozas\/\"><strong>Banking and finance<\/strong><\/a><\/h6>\n<h6><a href=\"https:\/\/drbajuszbertalan.hu\/eng\/szakteruletek\/ingatlanjog\/\"><strong>Real estate law<\/strong><\/a><\/h6>\n<h6><a href=\"https:\/\/drbajuszbertalan.hu\/eng\/szakteruletek\/szerzodesek-joga-okiratszerkesztes\/\"><strong>Contract law, drafting of deeds<\/strong><\/a><\/h6>\n<h6><a href=\"https:\/\/drbajuszbertalan.hu\/eng\/szakteruletek\/informatikai-jog-es-szellemi-alkotasok-it-ip\/\"><strong>Information technology law and intellectual property (IT\/IP)<\/strong><\/a><\/h6>\n<h6><a href=\"https:\/\/drbajuszbertalan.hu\/eng\/szakteruletek\/adatvedelem\/\"><strong>Data protection<\/strong><\/a><\/h6>\n<h6><a href=\"https:\/\/drbajuszbertalan.hu\/eng\/szakteruletek\/csaladjog\/\"><strong>Family law<\/strong><\/a><\/h6>\n<h6><a href=\"https:\/\/drbajuszbertalan.hu\/eng\/szakteruletek\/oroklesi-jog\/\"><strong>Inheritance law<\/strong><\/a><\/h6>\n<p>[\/vc_column_text]<a  href=\"https:\/\/drbajuszbertalan.hu\/eng\/szakteruletek\/\"  target=\"_self\"  title=\"Szakter\u00fcletek\"  class=\"tt_button tt_primary_button btn_primary_color  btn-align-left button-action-link icon_right  kd-animated zoomIn\" data-animation-delay=200><span class=\"prim_text\">Areas of expertise<\/span><span class=\"fas fa-chevron-right iconita\" style=\"font-size:12px;\"><\/span><\/a>[\/vc_column_inner][\/vc_row_inner][\/vc_column][\/vc_row][vc_row kd_background_image_position=&#8221;vc_row-bg-position-top&#8221;][vc_column][\/vc_column][\/vc_row]<\/p>\n<\/div>","protected":false},"excerpt":{"rendered":"<p>[vc_row full_width=&#8221;stretch_row&#8221; kd_background_image_position=&#8221;vc_row-bg-position-center&#8221; kd_fixed_background=&#8221;true&#8221; css=&#8221;.vc_custom_1710552672871{padding-top: 100px !important;padding-bottom: 100px !important;background-image: url(https:\/\/drbajuszbertalan.hu\/wp-content\/uploads\/2024\/03\/cristina-gottardi-unsplash-scaled.jpeg?id=9591) !important;}&#8221; css_tablet_portrait=&#8221;.vc_custom_1710552672873{padding-top: 100px !important;padding-bottom: 150px !important;}&#8221; css_mobile=&#8221;.vc_custom_1710552672873{padding-top: 100px !important;padding-bottom: 150px [&hellip;]<\/p>\n","protected":false},"author":2,"featured_media":0,"parent":0,"menu_order":0,"comment_status":"closed","ping_status":"closed","template":"","meta":{"ngg_post_thumbnail":0,"footnotes":""},"class_list":["post-5","page","type-page","status-publish","hentry"],"_links":{"self":[{"href":"https:\/\/drbajuszbertalan.hu\/eng\/wp-json\/wp\/v2\/pages\/5","targetHints":{"allow":["GET"]}}],"collection":[{"href":"https:\/\/drbajuszbertalan.hu\/eng\/wp-json\/wp\/v2\/pages"}],"about":[{"href":"https:\/\/drbajuszbertalan.hu\/eng\/wp-json\/wp\/v2\/types\/page"}],"author":[{"embeddable":true,"href":"https:\/\/drbajuszbertalan.hu\/eng\/wp-json\/wp\/v2\/users\/2"}],"replies":[{"embeddable":true,"href":"https:\/\/drbajuszbertalan.hu\/eng\/wp-json\/wp\/v2\/comments?post=5"}],"version-history":[{"count":77,"href":"https:\/\/drbajuszbertalan.hu\/eng\/wp-json\/wp\/v2\/pages\/5\/revisions"}],"predecessor-version":[{"id":9737,"href":"https:\/\/drbajuszbertalan.hu\/eng\/wp-json\/wp\/v2\/pages\/5\/revisions\/9737"}],"wp:attachment":[{"href":"https:\/\/drbajuszbertalan.hu\/eng\/wp-json\/wp\/v2\/media?parent=5"}],"curies":[{"name":"wp","href":"https:\/\/api.w.org\/{rel}","templated":true}]}}