{"id":5726,"date":"2018-10-22T13:45:49","date_gmt":"2018-10-22T13:45:49","guid":{"rendered":"https:\/\/www.ekko-wp.com\/?page_id=5726"},"modified":"2024-03-17T22:03:47","modified_gmt":"2024-03-17T21:03:47","slug":"szakteruletek","status":"publish","type":"page","link":"https:\/\/drbajuszbertalan.hu\/eng\/szakteruletek\/","title":{"rendered":"Areas of expertise"},"content":{"rendered":"<div class=\"wpb-content-wrapper\"><p>[vc_row kd_background_image_position=&#8221;vc_row-bg-position-top&#8221; css=&#8221;.vc_custom_1605638061477{padding-bottom: 70px !important;}&#8221; css_tablet_landscape=&#8221;.vc_custom_1605638061478{padding-top: 50px !important;}&#8221; css_tablet_portrait=&#8221;.vc_custom_1605638061478{padding-top: 50px !important;}&#8221; css_mobile=&#8221;.vc_custom_1605638061479{padding-top: 50px !important;}&#8221;][vc_column css=&#8221;.vc_custom_1597665991208{padding-right: 0px !important;padding-left: 0px !important;}&#8221;][vc_row_inner kd_background_image_position=&#8221;vc_row-bg-position-top&#8221;][vc_column_inner width=&#8221;1\/3&#8243;]<div class=\"key-icon-box icon-default icon-top cont-center ib-hover-1    with-border icon-with-background icon-no-border kd-animated fadeInUp\" style=\"background-color: transparent;border: 1px solid #e7e7e7;margin-bottom:30px;\" ><div class=\"ib-wrapper\" style=\"padding-top:40px;padding-bottom:60px;padding-left:60px;padding-right:60px;\"><div class=\"ib-icon-wrapper\" style=\"width:62px;height:62px;margin-bottom:25px;\"><i class=\"fas fa-landmark\" style=\"font-size: 52px;\"><\/i> <\/div><h3 class=\"service-heading\" >Litigation and dispute resolution<\/h3><div class=\"ib-button-wrapper\"><a class=\"tt_button tt_secondary_button btn_primary_color hover_solid_primary\" href=\"https:\/\/drbajuszbertalan.hu\/eng\/szakteruletek\/pereskedes-es-vitarendezes\/\" target=\"_self\">Learn more<\/a><\/div><\/div><\/div>[\/vc_column_inner][vc_column_inner width=&#8221;1\/3&#8243;]<div class=\"key-icon-box icon-default icon-top cont-center ib-hover-1    with-border icon-with-background icon-no-border kd-animated fadeInUp\" style=\"background-color: transparent;border: 1px solid #e7e7e7;margin-bottom:30px;\" data-animation-delay=200><div class=\"ib-wrapper\" style=\"padding-top:40px;padding-bottom:60px;padding-left:60px;padding-right:60px;\"><div class=\"ib-icon-wrapper\" style=\"width:62px;height:62px;margin-bottom:25px;\"><i class=\"iconsmind-Financial iconsmind-Business-Finance\" style=\"font-size: 52px;font-weight: 400;\"><\/i> <\/div><h3 class=\"service-heading\" >Debt collection and Workout<\/h3><div class=\"ib-button-wrapper\"><a class=\"tt_button tt_secondary_button btn_primary_color hover_solid_primary\" href=\"https:\/\/drbajuszbertalan.hu\/eng\/szakteruletek\/koveteleskezeles-es-kovetelesbehajtas\/\" target=\"_self\">Learn more<\/a><\/div><\/div><\/div>[\/vc_column_inner][vc_column_inner width=&#8221;1\/3&#8243;]<div class=\"key-icon-box icon-default icon-top cont-center ib-hover-1    with-border icon-with-background icon-no-border kd-animated fadeInUp\" style=\"background-color: transparent;border: 1px solid #e7e7e7;margin-bottom:30px;\" data-animation-delay=400><div class=\"ib-wrapper\" style=\"padding-top:40px;padding-bottom:60px;padding-left:60px;padding-right:60px;\"><div class=\"ib-icon-wrapper\" style=\"width:52px;height:52px;margin-bottom:25px;\"><i class=\"fas fa-city\" style=\"font-size: 52px;\"><\/i> <\/div><h3 class=\"service-heading\" >Company law, corporate law, M&A<\/h3><div class=\"ib-button-wrapper\"><a class=\"tt_button tt_secondary_button btn_primary_color hover_solid_primary\" href=\"https:\/\/drbajuszbertalan.hu\/eng\/szakteruletek\/cegjog-tarsasagi-jog-ma\/\" target=\"_self\">Learn more<\/a><\/div><\/div><\/div>[\/vc_column_inner][\/vc_row_inner][vc_row_inner kd_background_image_position=&#8221;vc_row-bg-position-top&#8221;][vc_column_inner width=&#8221;1\/3&#8243;]<div class=\"key-icon-box icon-default icon-top cont-center ib-hover-1    with-border icon-with-background icon-no-border kd-animated fadeInUp\" style=\"background-color: transparent;border: 1px solid #e7e7e7;margin-bottom:30px;\" ><div class=\"ib-wrapper\" style=\"padding-top:40px;padding-bottom:60px;padding-left:60px;padding-right:60px;\"><div class=\"ib-icon-wrapper\" style=\"width:62px;height:62px;margin-bottom:25px;\"><i class=\"iconsmind-Dove iconsmind-Animals\" style=\"font-size: 52px;font-weight: 400;\"><\/i> <\/div><h3 class=\"service-heading\" >Law of NGOs<\/h3><div class=\"ib-button-wrapper\"><a class=\"tt_button tt_secondary_button btn_primary_color hover_solid_primary\" href=\"https:\/\/drbajuszbertalan.hu\/eng\/szakteruletek\/civil-szervezetek-joga\/\" target=\"_self\">Learn more<\/a><\/div><\/div><\/div>[\/vc_column_inner][vc_column_inner width=&#8221;1\/3&#8243;]<div class=\"key-icon-box icon-default icon-top cont-center ib-hover-1    with-border icon-with-background icon-no-border kd-animated fadeInUp\" style=\"background-color: transparent;border: 1px solid #e7e7e7;margin-bottom:30px;\" data-animation-delay=200><div class=\"ib-wrapper\" style=\"padding-top:40px;padding-bottom:60px;padding-left:60px;padding-right:60px;\"><div class=\"ib-icon-wrapper\" style=\"width:62px;height:62px;margin-bottom:25px;\"><i class=\"iconsmind-Bank iconsmind-Buildings-Landmarks\" style=\"font-size: 52px;font-weight: 400;\"><\/i> <\/div><h3 class=\"service-heading\" >Banking and finance<\/h3><div class=\"ib-button-wrapper\"><a class=\"tt_button tt_secondary_button btn_primary_color hover_solid_primary\" href=\"https:\/\/drbajuszbertalan.hu\/eng\/szakteruletek\/bankjog-es-finanszirozas\/\" target=\"_self\">Learn more<\/a><\/div><\/div><\/div>[\/vc_column_inner][vc_column_inner width=&#8221;1\/3&#8243;]<div class=\"key-icon-box icon-default icon-top cont-center ib-hover-1    with-border icon-with-background icon-no-border kd-animated fadeInUp\" style=\"background-color: transparent;border: 1px solid #e7e7e7;margin-bottom:30px;\" data-animation-delay=400><div class=\"ib-wrapper\" style=\"padding-top:40px;padding-bottom:60px;padding-left:60px;padding-right:60px;\"><div class=\"ib-icon-wrapper\" style=\"width:52px;height:52px;margin-bottom:25px;\"><i class=\"iconsmind-Building iconsmind-Buildings-Landmarks\" style=\"font-size: 52px;font-weight: 400;\"><\/i> <\/div><h3 class=\"service-heading\" >Real estate law<\/h3><div class=\"ib-button-wrapper\"><a class=\"tt_button tt_secondary_button btn_primary_color hover_solid_primary\" href=\"https:\/\/drbajuszbertalan.hu\/eng\/szakteruletek\/ingatlanjog\/\" target=\"_self\">Tov\u00e1bb<\/a><\/div><\/div><\/div>[\/vc_column_inner][\/vc_row_inner][vc_row_inner kd_background_image_position=&#8221;vc_row-bg-position-top&#8221;][vc_column_inner width=&#8221;1\/3&#8243;]<div class=\"key-icon-box icon-default icon-top cont-center ib-hover-1    with-border icon-with-background icon-no-border kd-animated fadeInUp\" style=\"background-color: transparent;border: 1px solid #e7e7e7;margin-bottom:30px;\" ><div class=\"ib-wrapper\" style=\"padding-top:40px;padding-bottom:60px;padding-left:60px;padding-right:60px;\"><div class=\"ib-icon-wrapper\" style=\"width:62px;height:62px;margin-bottom:25px;\"><i class=\"iconsmind-Letter-Open iconsmind-Emails\" style=\"font-size: 52px;font-weight: 400;\"><\/i> <\/div><h3 class=\"service-heading\" >Contract law, drafting of deeds<\/h3><div class=\"ib-button-wrapper\"><a class=\"tt_button tt_secondary_button btn_primary_color hover_solid_primary\" href=\"https:\/\/drbajuszbertalan.hu\/eng\/szakteruletek\/szerzodesek-joga-okiratszerkesztes\/\" target=\"_self\">Learn more<\/a><\/div><\/div><\/div>[\/vc_column_inner][vc_column_inner width=&#8221;1\/3&#8243;]<div class=\"key-icon-box icon-default icon-top cont-center ib-hover-1    with-border icon-with-background icon-no-border kd-animated fadeInUp\" style=\"background-color: transparent;border: 1px solid #e7e7e7;margin-bottom:30px;\" data-animation-delay=200><div class=\"ib-wrapper\" style=\"padding-top:40px;padding-bottom:60px;padding-left:60px;padding-right:60px;\"><div class=\"ib-icon-wrapper\" style=\"width:62px;height:62px;margin-bottom:25px;\"><i class=\"iconsmind-Laptop-3 iconsmind-Desktop-apps\" style=\"font-size: 52px;font-weight: 400;\"><\/i> <\/div><h3 class=\"service-heading\" >Information technology law and intellectual property (IT\/IP)<\/h3><div class=\"ib-button-wrapper\"><a class=\"tt_button tt_secondary_button btn_primary_color hover_solid_primary\" href=\"https:\/\/drbajuszbertalan.hu\/eng\/szakteruletek\/informatikai-jog-es-szellemi-alkotasok-it-ip\/\" target=\"_self\">Learn more<\/a><\/div><\/div><\/div>[\/vc_column_inner][vc_column_inner width=&#8221;1\/3&#8243;]<div class=\"key-icon-box icon-default icon-top cont-center ib-hover-1    with-border icon-with-background icon-no-border kd-animated fadeInUp\" style=\"background-color: transparent;border: 1px solid #e7e7e7;margin-bottom:30px;\" data-animation-delay=400><div class=\"ib-wrapper\" style=\"padding-top:40px;padding-bottom:60px;padding-left:60px;padding-right:60px;\"><div class=\"ib-icon-wrapper\" style=\"width:52px;height:52px;margin-bottom:25px;\"><i class=\"iconsmind-Security-Block iconsmind-Security\" style=\"font-size: 52px;font-weight: 400;\"><\/i> <\/div><h3 class=\"service-heading\" >Data protection and privacy<\/h3><div class=\"ib-button-wrapper\"><a class=\"tt_button tt_secondary_button btn_primary_color hover_solid_primary\" href=\"https:\/\/drbajuszbertalan.hu\/eng\/szakteruletek\/adatvedelem\/\" target=\"_self\">Learn more<\/a><\/div><\/div><\/div>[\/vc_column_inner][\/vc_row_inner][vc_row_inner kd_background_image_position=&#8221;vc_row-bg-position-top&#8221;][vc_column_inner width=&#8221;1\/3&#8243;]<div class=\"key-icon-box icon-default icon-top cont-center ib-hover-1    with-border icon-with-background icon-no-border kd-animated fadeInUp\" style=\"background-color: transparent;border: 1px solid #e7e7e7;margin-bottom:30px;\" ><div class=\"ib-wrapper\" style=\"padding-top:40px;padding-bottom:60px;padding-left:60px;padding-right:60px;\"><div class=\"ib-icon-wrapper\" style=\"width:62px;height:62px;margin-bottom:25px;\"><i class=\"iconsmind-Family-Sign iconsmind-Signs-Symbols\" style=\"font-size: 52px;font-weight: 400;\"><\/i> <\/div><h3 class=\"service-heading\" >Family law<\/h3><div class=\"ib-button-wrapper\"><a class=\"tt_button tt_secondary_button btn_primary_color hover_solid_primary\" href=\"https:\/\/drbajuszbertalan.hu\/eng\/szakteruletek\/csaladjog\/\" target=\"_self\">Learn more<\/a><\/div><\/div><\/div>[\/vc_column_inner][vc_column_inner width=&#8221;1\/3&#8243;]<div class=\"key-icon-box icon-default icon-top cont-center ib-hover-1    with-border icon-with-background icon-no-border kd-animated fadeInUp\" style=\"background-color: transparent;border: 1px solid #e7e7e7;margin-bottom:30px;\" data-animation-delay=200><div class=\"ib-wrapper\" style=\"padding-top:40px;padding-bottom:60px;padding-left:60px;padding-right:60px;\"><div class=\"ib-icon-wrapper\" style=\"width:62px;height:62px;margin-bottom:25px;\"><i class=\"iconsmind-Affiliate iconsmind-User-Interface\" style=\"font-size: 52px;font-weight: 400;\"><\/i> <\/div><h3 class=\"service-heading\" >Inheritance law<\/h3><div class=\"ib-button-wrapper\"><a class=\"tt_button tt_secondary_button btn_primary_color hover_solid_primary\" href=\"https:\/\/drbajuszbertalan.hu\/eng\/szakteruletek\/oroklesi-jog\/\" target=\"_self\">Learn more<\/a><\/div><\/div><\/div>[\/vc_column_inner][vc_column_inner width=&#8221;1\/3&#8243;][\/vc_column_inner][\/vc_row_inner][\/vc_column][\/vc_row][vc_row kd_background_image_position=&#8221;vc_row-bg-position-top&#8221; css=&#8221;.vc_custom_1605637738902{padding-bottom: 100px !important;}&#8221;][vc_column][vc_row_inner content_placement=&#8221;middle&#8221; kd_background_image_position=&#8221;vc_row-bg-position-top&#8221; css=&#8221;.vc_custom_1605637582028{padding-bottom: 100px !important;}&#8221;][vc_column_inner css=&#8221;.vc_custom_1606225048257{padding-right: 55px !important;}&#8221; offset=&#8221;vc_col-lg-offset-0 vc_col-lg-6 vc_col-md-offset-0 vc_col-sm-offset-0&#8243; css_tablet_landscape=&#8221;.vc_custom_1606225048258{padding-right: 0px !important;}&#8221; css_tablet_portrait=&#8221;.vc_custom_1606225048259{padding-right: 15px !important;padding-left: 15px !important;}&#8221; css_mobile=&#8221;.vc_custom_1606225048260{padding-right: 15px !important;padding-left: 15px !important;}&#8221;][vc_single_image image=&#8221;9587&#8243; img_size=&#8221;large&#8221; css_animation=&#8221;fadeInDown&#8221;]<div class=\"kd-shapes shape_dots with-parallax kd-animated zoomIn\" style=\"right: -8px;bottom: -80px;width: 340px;height: 173px;\" data-parallax-speed=\"-0.1\" data-animation-delay=400><\/div>[\/vc_column_inner][vc_column_inner css=&#8221;.vc_custom_1606225079476{padding-right: 20px !important;padding-left: 80px !important;}&#8221; offset=&#8221;vc_col-lg-6&#8243; css_tablet_landscape=&#8221;.vc_custom_1606225079477{padding-top: 80px !important;padding-right: 15px !important;padding-left: 15px !important;}&#8221; css_tablet_portrait=&#8221;.vc_custom_1606225079478{padding-top: 80px !important;padding-right: 15px !important;padding-left: 15px !important;}&#8221; css_mobile=&#8221;.vc_custom_1606225079478{padding-top: 50px !important;padding-right: 15px !important;padding-left: 15px !important;}&#8221;]<header class=\"kd-section-title col-lg-12 text-left  subtitle-below-title kd-animated fadeIn   vc_custom_1710523976403\" data-animation-delay=200><h2 class=\"separator_off\" style=\"margin-bottom:30px;\">Legal services in Budapest<\/h2><h6 class=\"subtitle\" >Please feel free to contact me<\/h6><\/header><a  href=\"https:\/\/drbajuszbertalan.hu\/eng\/kapcsolat\/\"  target=\"_self\"  title=\"\u00d6r\u00f6kl\u00e9si jog\"  class=\"tt_button tt_primary_button btn_primary_color  btn-align-left button-action-link icon_right  kd-animated zoomIn\" data-animation-delay=200><span class=\"prim_text\">Contact<\/span><span class=\"fas fa-chevron-right iconita\" style=\"font-size:12px;\"><\/span><\/a>[\/vc_column_inner][\/vc_row_inner][\/vc_column][\/vc_row]<\/p>\n<\/div>","protected":false},"excerpt":{"rendered":"<p>[vc_row kd_background_image_position=&#8221;vc_row-bg-position-top&#8221; css=&#8221;.vc_custom_1605638061477{padding-bottom: 70px !important;}&#8221; css_tablet_landscape=&#8221;.vc_custom_1605638061478{padding-top: 50px !important;}&#8221; css_tablet_portrait=&#8221;.vc_custom_1605638061478{padding-top: 50px !important;}&#8221; css_mobile=&#8221;.vc_custom_1605638061479{padding-top: 50px !important;}&#8221;][vc_column css=&#8221;.vc_custom_1597665991208{padding-right: 0px !important;padding-left: 0px !important;}&#8221;][vc_row_inner kd_background_image_position=&#8221;vc_row-bg-position-top&#8221;][vc_column_inner [&hellip;]<\/p>\n","protected":false},"author":2,"featured_media":0,"parent":0,"menu_order":0,"comment_status":"closed","ping_status":"closed","template":"","meta":{"ngg_post_thumbnail":0,"footnotes":""},"class_list":["post-5726","page","type-page","status-publish","hentry"],"_links":{"self":[{"href":"https:\/\/drbajuszbertalan.hu\/eng\/wp-json\/wp\/v2\/pages\/5726","targetHints":{"allow":["GET"]}}],"collection":[{"href":"https:\/\/drbajuszbertalan.hu\/eng\/wp-json\/wp\/v2\/pages"}],"about":[{"href":"https:\/\/drbajuszbertalan.hu\/eng\/wp-json\/wp\/v2\/types\/page"}],"author":[{"embeddable":true,"href":"https:\/\/drbajuszbertalan.hu\/eng\/wp-json\/wp\/v2\/users\/2"}],"replies":[{"embeddable":true,"href":"https:\/\/drbajuszbertalan.hu\/eng\/wp-json\/wp\/v2\/comments?post=5726"}],"version-history":[{"count":20,"href":"https:\/\/drbajuszbertalan.hu\/eng\/wp-json\/wp\/v2\/pages\/5726\/revisions"}],"predecessor-version":[{"id":9734,"href":"https:\/\/drbajuszbertalan.hu\/eng\/wp-json\/wp\/v2\/pages\/5726\/revisions\/9734"}],"wp:attachment":[{"href":"https:\/\/drbajuszbertalan.hu\/eng\/wp-json\/wp\/v2\/media?parent=5726"}],"curies":[{"name":"wp","href":"https:\/\/api.w.org\/{rel}","templated":true}]}}